{"id":1518,"date":"2022-11-27T17:10:33","date_gmt":"2022-11-27T17:10:33","guid":{"rendered":"https:\/\/dercepol.com.tr\/?page_id=1518"},"modified":"2022-12-02T21:04:58","modified_gmt":"2022-12-02T21:04:58","slug":"susuzlandirma-elekleri","status":"publish","type":"page","link":"https:\/\/dercepol.com.tr\/?page_id=1518","title":{"rendered":"Susuzland\u0131rma Elekleri"},"content":{"rendered":"<p>[vc_row][vc_column]\n\t\t\t<!-- START SUSUZLANDIRMA REVOLUTION SLIDER 6.5.14 --><p class=\"rs-p-wp-fix\"><\/p>\n\t\t\t<rs-module-wrap id=\"rev_slider_6_1_wrapper\" data-source=\"gallery\" style=\"visibility:hidden;background:transparent;padding:0;margin:0px auto;margin-top:0;margin-bottom:0;\">\n\t\t\t\t<rs-module id=\"rev_slider_6_1\" style=\"\" data-version=\"6.5.14\">\n\t\t\t\t\t<rs-slides>\n\t\t\t\t\t\t<rs-slide style=\"position: absolute;\" data-key=\"rs-22\" data-title=\"Slide\" data-thumb=\"\/\/dercepol.com.tr\/wp-content\/uploads\/2022\/12\/Adsiz-1920-\u00d7-500-piksel-10-100x50.png\" data-anim=\"ms:600;\" data-in=\"o:0;\" data-out=\"a:false;\">\n\t\t\t\t\t\t\t<img src=\"\/\/dercepol.com.tr\/wp-content\/plugins\/revslider\/public\/assets\/assets\/dummy.png\" alt=\"\" title=\"Ads\u0131z (1920 \u00d7 500 piksel) (10)\" width=\"1920\" height=\"500\" class=\"rev-slidebg tp-rs-img rs-lazyload\" data-lazyload=\"\/\/dercepol.com.tr\/wp-content\/uploads\/2022\/12\/Adsiz-1920-\u00d7-500-piksel-10.png\" data-no-retina>\n<!---->\t\t\t\t\t\t<\/rs-slide>\n\t\t\t\t\t\t<rs-slide style=\"position: absolute;\" data-key=\"rs-21\" data-title=\"Slide\" data-thumb=\"\/\/dercepol.com.tr\/wp-content\/uploads\/2022\/12\/Adsiz-1920-\u00d7-500-piksel-9-100x50.png\" data-anim=\"ms:600;\" data-in=\"o:0;\" data-out=\"a:false;\">\n\t\t\t\t\t\t\t<img src=\"\/\/dercepol.com.tr\/wp-content\/plugins\/revslider\/public\/assets\/assets\/dummy.png\" alt=\"\" title=\"Ads\u0131z (1920 \u00d7 500 piksel) (9)\" width=\"1920\" height=\"500\" class=\"rev-slidebg tp-rs-img rs-lazyload\" data-lazyload=\"\/\/dercepol.com.tr\/wp-content\/uploads\/2022\/12\/Adsiz-1920-\u00d7-500-piksel-9.png\" data-no-retina>\n<!---->\t\t\t\t\t\t<\/rs-slide>\n\t\t\t\t\t<\/rs-slides>\n\t\t\t\t\t<rs-static-layers><!--\n\n\t\t\t\t\t\t\t--><rs-layer\n\t\t\t\t\t\t\t\tid=\"slider-6-slide-6-layer-4\" \n\t\t\t\t\t\t\t\tclass=\"slider_1_subtitle rs-layer-static\"\n\t\t\t\t\t\t\t\tdata-type=\"text\"\n\t\t\t\t\t\t\t\tdata-color=\"rgba(51, 63, 75, 1)\"\n\t\t\t\t\t\t\t\tdata-rsp_ch=\"on\"\n\t\t\t\t\t\t\t\tdata-xy=\"x:22px;y:53px;\"\n\t\t\t\t\t\t\t\tdata-text=\"w:normal;s:30;l:48;\"\n\t\t\t\t\t\t\t\tdata-dim=\"w:739;\"\n\t\t\t\t\t\t\t\tdata-onslides=\"s:1;\"\n\t\t\t\t\t\t\t\tdata-frame_1=\"e:power2.inOut;st:500;sp:790;sR:500;\"\n\t\t\t\t\t\t\t\tdata-frame_999=\"o:0;e:nothing;st:w;sp:2090;sR:7710;\"\n\t\t\t\t\t\t\t\tstyle=\"z-index:8;font-family:'Ubuntu';\"\n\t\t\t\t\t\t\t>G\u00fc\u00e7l\u00fc g\u00f6vde yap\u0131s\u0131na sahip elekler y\u00fcksek vibrasyona dayan\u0131kl\u0131d\u0131rlar, 150 mikrondan ba\u015flayan elek g\u00f6zleri; 250, 350, 500, 750 mikron olarak \u00fcretilmektedir.  \n\t\t\t\t\t\t\t<\/rs-layer><!--\n\t\t\t\t\t--><\/rs-static-layers>\n\t\t\t\t<\/rs-module>\n\t\t\t\t<script>\n\t\t\t\t\tsetREVStartSize({c: 'rev_slider_6_1',rl:[1240,1024,778,480],el:[500],gw:[1650],gh:[500],type:'standard',justify:'',layout:'fullwidth',mh:\"0\"});if (window.RS_MODULES!==undefined && window.RS_MODULES.modules!==undefined && window.RS_MODULES.modules[\"revslider61\"]!==undefined) {window.RS_MODULES.modules[\"revslider61\"].once = false;window.revapi6 = undefined;if (window.RS_MODULES.checkMinimal!==undefined) window.RS_MODULES.checkMinimal()}\n\t\t\t\t<\/script>\n\t\t\t<\/rs-module-wrap>\n\t\t\t<!-- END REVOLUTION SLIDER -->\n[\/vc_column][\/vc_row]<\/p>\n","protected":false},"excerpt":{"rendered":"<p>[vc_row][vc_column][\/vc_column][\/vc_row]<\/p>\n","protected":false},"author":1,"featured_media":0,"parent":0,"menu_order":0,"comment_status":"closed","ping_status":"closed","template":"","meta":[],"_links":{"self":[{"href":"https:\/\/dercepol.com.tr\/index.php?rest_route=\/wp\/v2\/pages\/1518"}],"collection":[{"href":"https:\/\/dercepol.com.tr\/index.php?rest_route=\/wp\/v2\/pages"}],"about":[{"href":"https:\/\/dercepol.com.tr\/index.php?rest_route=\/wp\/v2\/types\/page"}],"author":[{"embeddable":true,"href":"https:\/\/dercepol.com.tr\/index.php?rest_route=\/wp\/v2\/users\/1"}],"replies":[{"embeddable":true,"href":"https:\/\/dercepol.com.tr\/index.php?rest_route=%2Fwp%2Fv2%2Fcomments&post=1518"}],"version-history":[{"count":18,"href":"https:\/\/dercepol.com.tr\/index.php?rest_route=\/wp\/v2\/pages\/1518\/revisions"}],"predecessor-version":[{"id":1775,"href":"https:\/\/dercepol.com.tr\/index.php?rest_route=\/wp\/v2\/pages\/1518\/revisions\/1775"}],"wp:attachment":[{"href":"https:\/\/dercepol.com.tr\/index.php?rest_route=%2Fwp%2Fv2%2Fmedia&parent=1518"}],"curies":[{"name":"wp","href":"https:\/\/api.w.org\/{rel}","templated":true}]}}